{"id":5707,"date":"2024-07-10T16:10:06","date_gmt":"2024-07-10T15:10:06","guid":{"rendered":"http:\/\/demo2.wpresidence.net\/?page_id=5707"},"modified":"2024-10-04T11:28:20","modified_gmt":"2024-10-04T10:28:20","slug":"contact-tamturkey-group","status":"publish","type":"page","link":"https:\/\/tamturkey.com\/en\/contact-tamturkey-group\/","title":{"rendered":"Contact Tamturkey Group"},"content":{"rendered":"\t\t<div data-elementor-type=\"wp-page\" data-elementor-id=\"5707\" class=\"elementor elementor-5707\" data-elementor-post-type=\"page\">\n\t\t\t\t<div class=\"elementor-element elementor-element-2e536fcd e-flex e-con-boxed e-con e-parent\" data-id=\"2e536fcd\" data-element_type=\"container\">\n\t\t\t\t\t<div class=\"e-con-inner\">\n\t\t<div class=\"elementor-element elementor-element-c2d9240 e-con-full e-flex e-con e-child\" data-id=\"c2d9240\" data-element_type=\"container\">\n\t\t\t\t<div class=\"elementor-element elementor-element-f5b2973 elementor-widget elementor-widget-text-editor\" data-id=\"f5b2973\" data-element_type=\"widget\" data-widget_type=\"text-editor.default\">\n\t\t\t\t<div class=\"elementor-widget-container\">\n\t\t\t\t\t\t\t<p style=\"text-align: center;\"><span style=\"color: #ff0000;\"><strong><span style=\"font-size: 24pt;\">Contact Tamturkey Group<\/span><\/strong><\/span><\/p>\t\t\t\t\t\t<\/div>\n\t\t\t\t<\/div>\n\t\t\t\t<\/div>\n\t\t<div class=\"elementor-element elementor-element-2b21a0b e-grid e-con-full e-con e-child\" data-id=\"2b21a0b\" data-element_type=\"container\">\n\t\t\t\t<div class=\"elementor-element elementor-element-7927dd9 elementor-widget elementor-widget-text-editor\" data-id=\"7927dd9\" data-element_type=\"widget\" data-widget_type=\"text-editor.default\">\n\t\t\t\t<div class=\"elementor-widget-container\">\n\t\t\t\t\t\t\t<p>\u00a0<\/p><p style=\"text-align: center;\"><span style=\"color: #0000ff; font-size: 18pt;\">We will contact you for guidance<\/span><\/p><p>\u00a0<\/p><p style=\"text-align: left;\"><span style=\"font-size: 18pt; color: #ff0000;\">Tamturkey Group Services:<\/span><\/p><p>\u00a0<\/p><p><span style=\"color: #000000; font-size: 18pt; font-family: times new roman, times, serif;\">+ Buying and selling real estate in Turkey<\/span><\/p><p><span style=\"color: #000000; font-size: 18pt; font-family: times new roman, times, serif;\">+ Representative of prestigious projects in Turkey<\/span><\/p><p><span style=\"color: #000000; font-size: 18pt; font-family: times new roman, times, serif;\">+ Sale of luxury apartments in cash and installments<\/span><\/p><p><span style=\"color: #000000; font-size: 18pt; font-family: times new roman, times, serif;\">+ Obtaining Turkish citizenship through property purchase and investment<\/span><\/p><p><span style=\"color: #000000; font-size: 18pt; font-family: times new roman, times, serif;\">+ Company registration in Turkey * reasonable price in the shortest time<\/span><\/p><p><span style=\"color: #000000; font-size: 18pt; font-family: times new roman, times, serif;\">+ Opening a bank account for companies and individuals<\/span><\/p><p><span style=\"color: #000000; font-size: 18pt; font-family: times new roman, times, serif;\">+ Obtaining and extension types of residence | Getting insurance<\/span><\/p><p><span style=\"color: #000000; font-size: 18pt; font-family: times new roman, times, serif;\">+ Rent a house in Istanbul<\/span><\/p><p><span style=\"color: #000000; font-size: 18pt; font-family: times new roman, times, serif;\">+ Obtaining a Turkish driving license<\/span><\/p>\t\t\t\t\t\t<\/div>\n\t\t\t\t<\/div>\n\t\t<div class=\"elementor-element elementor-element-11b22dd e-con-full e-flex e-con e-child\" data-id=\"11b22dd\" data-element_type=\"container\">\n\t\t\t\t<div class=\"elementor-element elementor-element-8454edf elementor-widget elementor-widget-image\" data-id=\"8454edf\" data-element_type=\"widget\" data-widget_type=\"image.default\">\n\t\t\t\t<div class=\"elementor-widget-container\">\n\t\t\t\t\t\t\t\t\t\t\t\t\t<img fetchpriority=\"high\" decoding=\"async\" width=\"739\" height=\"415\" src=\"https:\/\/tamturkey.com\/wp-content\/uploads\/2024\/05\/Emaar-Square-Projesi-bay-tamturkeyrealestate.jpg\" class=\"attachment-large size-large wp-image-25156\" alt=\"Emaar istanbul projects\" srcset=\"https:\/\/tamturkey.com\/wp-content\/uploads\/2024\/05\/Emaar-Square-Projesi-bay-tamturkeyrealestate.jpg 739w, https:\/\/tamturkey.com\/wp-content\/uploads\/2024\/05\/Emaar-Square-Projesi-bay-tamturkeyrealestate-300x168.jpg 300w, https:\/\/tamturkey.com\/wp-content\/uploads\/2024\/05\/Emaar-Square-Projesi-bay-tamturkeyrealestate-255x143.jpg 255w\" sizes=\"(max-width: 739px) 100vw, 739px\" \/>\t\t\t\t\t\t\t\t\t\t\t\t\t<\/div>\n\t\t\t\t<\/div>\n\t\t\t\t<\/div>\n\t\t\t\t<\/div>\n\t\t<div class=\"elementor-element elementor-element-a9625ab e-con-full e-flex e-con e-child\" data-id=\"a9625ab\" data-element_type=\"container\">\n\t\t\t\t<div class=\"elementor-element elementor-element-21bd4cd elementor-widget elementor-widget-text-editor\" data-id=\"21bd4cd\" data-element_type=\"widget\" data-widget_type=\"text-editor.default\">\n\t\t\t\t<div class=\"elementor-widget-container\">\n\t\t\t\t\t\t\t<p style=\"text-align: center;\"><span style=\"font-size: 18pt; color: #ff0000;\">Get in touch with consultants through WhatsApp<\/span><\/p><p>\u00a0<\/p><p style=\"text-align: center;\"><span style=\"font-size: 18pt;\"><span style=\"color: #008000;\">WhatsApp :<\/span> <a href=\"https:\/\/wa.me\/905522888939\" target=\"_blank\" rel=\"nofollow noopener sponsored ugc\">https:\/\/wa.me\/905522888939<\/a><\/span><\/p><p>\u00a0<\/p><p style=\"text-align: center;\"><span style=\"font-size: 18pt;\"><span style=\"color: #ff0000;\">WhatsApp :<\/span> <a href=\"https:\/\/wa.me\/905528588388\" target=\"_blank\" rel=\"nofollow noopener sponsored ugc\">https:\/\/wa.me\/905528588388<\/a><\/span><\/p><p>\u00a0<\/p><p style=\"text-align: center;\"><span style=\"font-size: 18pt; color: #800080;\">Address: <\/span><span style=\"font-size: 18pt; color: #0000ff;\">Emaar Square Istanbul , No:82, E Block. No:1606, Floor 16 , \u00dcsk\u00fcdar\/\u0130stanbul<\/span><\/p><p>\u00a0<\/p><p style=\"text-align: center;\"><span style=\"font-size: 18pt; color: #ff0000;\">Please contact the counselors through WhatsApp<\/span><\/p><p>\u00a0<\/p><p style=\"text-align: center;\"><span style=\"font-size: 18pt; color: #008000;\">Consultants will contact you as soon as possible<\/span><\/p>\t\t\t\t\t\t<\/div>\n\t\t\t\t<\/div>\n\t\t\t\t<\/div>\n\t\t\t\t\t<\/div>\n\t\t\t\t<\/div>\n\t\t<div class=\"elementor-element elementor-element-bdba139 e-flex e-con-boxed e-con e-parent\" data-id=\"bdba139\" data-element_type=\"container\">\n\t\t\t\t\t<div class=\"e-con-inner\">\n\t\t\t\t\t<\/div>\n\t\t\t\t<\/div>\n\t\t<div class=\"elementor-element elementor-element-6e196ba e-grid e-con-boxed e-con e-parent\" data-id=\"6e196ba\" data-element_type=\"container\">\n\t\t\t\t\t<div class=\"e-con-inner\">\n\t\t\t\t<div class=\"elementor-element elementor-element-2038b0d elementor-widget elementor-widget-google_maps\" data-id=\"2038b0d\" data-element_type=\"widget\" data-widget_type=\"google_maps.default\">\n\t\t\t\t<div class=\"elementor-widget-container\">\n\t\t\t\t\t<div class=\"elementor-custom-embed\">\n\t\t\t<iframe loading=\"lazy\"\n\t\t\t\t\tsrc=\"https:\/\/maps.google.com\/maps?q=%C3%9Cnalan%20Libadiye%20Caddesi%2C%20No%3A82%20E%20Block%20No%3A1606%2C%2016%20kat%20%C3%9Csk%C3%BCdar%2F%C4%B0stanbul&#038;t=m&#038;z=10&#038;output=embed&#038;iwloc=near\"\n\t\t\t\t\ttitle=\"\u00dcnalan Libadiye Caddesi, No:82 E Block No:1606, 16 kat \u00dcsk\u00fcdar\/\u0130stanbul\"\n\t\t\t\t\taria-label=\"\u00dcnalan Libadiye Caddesi, No:82 E Block No:1606, 16 kat \u00dcsk\u00fcdar\/\u0130stanbul\"\n\t\t\t><\/iframe>\n\t\t<\/div>\n\t\t\t\t<\/div>\n\t\t\t\t<\/div>\n\t\t\t\t\t<\/div>\n\t\t\t\t<\/div>\n\t\t\t\t<\/div>\n\t\t","protected":false},"excerpt":{"rendered":"<p>Contact Tamturkey Group We will contact you for guidance Tamturkey Group Services: + Buying and selling real estate in Turkey + Representative of prestigious projects in Turkey + Sale of luxury apartments in cash and installments + Obtaining Turkish citizenship through property purchase and investment + Company registration in Turkey * reasonable price in the [&hellip;]<\/p>\n","protected":false},"author":1,"featured_media":25103,"parent":0,"menu_order":0,"comment_status":"open","ping_status":"open","template":"elementor_header_footer","meta":{"_joinchat":[],"footnotes":""},"class_list":["post-5707","page","type-page","status-publish","has-post-thumbnail","hentry"],"_links":{"self":[{"href":"https:\/\/tamturkey.com\/en\/wp-json\/wp\/v2\/pages\/5707","targetHints":{"allow":["GET"]}}],"collection":[{"href":"https:\/\/tamturkey.com\/en\/wp-json\/wp\/v2\/pages"}],"about":[{"href":"https:\/\/tamturkey.com\/en\/wp-json\/wp\/v2\/types\/page"}],"author":[{"embeddable":true,"href":"https:\/\/tamturkey.com\/en\/wp-json\/wp\/v2\/users\/1"}],"replies":[{"embeddable":true,"href":"https:\/\/tamturkey.com\/en\/wp-json\/wp\/v2\/comments?post=5707"}],"version-history":[{"count":83,"href":"https:\/\/tamturkey.com\/en\/wp-json\/wp\/v2\/pages\/5707\/revisions"}],"predecessor-version":[{"id":29763,"href":"https:\/\/tamturkey.com\/en\/wp-json\/wp\/v2\/pages\/5707\/revisions\/29763"}],"wp:featuredmedia":[{"embeddable":true,"href":"https:\/\/tamturkey.com\/en\/wp-json\/wp\/v2\/media\/25103"}],"wp:attachment":[{"href":"https:\/\/tamturkey.com\/en\/wp-json\/wp\/v2\/media?parent=5707"}],"curies":[{"name":"wp","href":"https:\/\/api.w.org\/{rel}","templated":true}]}}