{"id":27629,"date":"2024-10-03T09:53:30","date_gmt":"2024-10-03T08:53:30","guid":{"rendered":"https:\/\/tamturkey.com\/?page_id=27629"},"modified":"2024-10-04T12:24:21","modified_gmt":"2024-10-04T11:24:21","slug":"tamturkey-group-ile-iletisime-gecin","status":"publish","type":"page","link":"https:\/\/tamturkey.com\/tr\/tamturkey-group-ile-iletisime-gecin\/","title":{"rendered":"Tamturkey Group ile ileti\u015fime ge\u00e7in"},"content":{"rendered":"\t\t<div data-elementor-type=\"wp-page\" data-elementor-id=\"27629\" class=\"elementor elementor-27629 elementor-5707\" data-elementor-post-type=\"page\">\n\t\t\t\t<div class=\"elementor-element elementor-element-2e536fcd e-flex e-con-boxed e-con e-parent\" data-id=\"2e536fcd\" data-element_type=\"container\">\n\t\t\t\t\t<div class=\"e-con-inner\">\n\t\t<div class=\"elementor-element elementor-element-9a55dce e-con-full e-flex e-con e-child\" data-id=\"9a55dce\" data-element_type=\"container\">\n\t\t\t\t<div class=\"elementor-element elementor-element-c66a1c0 elementor-widget elementor-widget-text-editor\" data-id=\"c66a1c0\" data-element_type=\"widget\" data-widget_type=\"text-editor.default\">\n\t\t\t\t<div class=\"elementor-widget-container\">\n\t\t\t\t\t\t\t<p style=\"text-align: center;\"><span style=\"font-size: 18pt; color: #ff0000;\">Tamturkey Group ile ileti\u015fime ge\u00e7in<\/span><\/p>\t\t\t\t\t\t<\/div>\n\t\t\t\t<\/div>\n\t\t\t\t<\/div>\n\t\t<div class=\"elementor-element elementor-element-05c9f7a e-con-full e-flex e-con e-child\" data-id=\"05c9f7a\" data-element_type=\"container\">\n\t\t\t\t<\/div>\n\t\t<div class=\"elementor-element elementor-element-5fee19c e-grid e-con-full e-con e-child\" data-id=\"5fee19c\" data-element_type=\"container\">\n\t\t\t\t<div class=\"elementor-element elementor-element-1eaec3d elementor-widget elementor-widget-text-editor\" data-id=\"1eaec3d\" data-element_type=\"widget\" data-widget_type=\"text-editor.default\">\n\t\t\t\t<div class=\"elementor-widget-container\">\n\t\t\t\t\t\t\t<div class=\"wpb_text_column wpb_content_element \"><div class=\"wpb_wrapper\"><p style=\"text-align: center;\"><span style=\"font-size: 18pt;\"><span style=\"color: #0000ff;\">Rehberlik i\u00e7in sizinle ileti\u015fime ge\u00e7ece\u011fiz<\/span><strong><br \/><\/strong><\/span><\/p><\/div><\/div><div class=\"wpb_text_column wpb_content_element \"><div class=\"wpb_wrapper\"><h1 dir=\"ltr\"><span style=\"font-size: 18pt; color: #ff0000;\"><strong>Tamt\u00fcrkey Grup Hizmetleri<\/strong><\/span><\/h1><p><span style=\"font-size: 18pt; color: #000000; font-family: times new roman, times, serif;\">+ T\u00fcrkiye\u2019de emlak al\u0131m sat\u0131m\u0131<\/span><\/p><p><span style=\"font-size: 18pt; color: #000000; font-family: times new roman, times, serif;\">+ T\u00fcrkiye\u2019deki prestijli projelerin temsilcisi<\/span><\/p><p><span style=\"font-size: 18pt; color: #000000; font-family: times new roman, times, serif;\">+ L\u00fcks dairelerin pe\u015fin ve taksitli sat\u0131\u015f\u0131<\/span><\/p><p><span style=\"font-size: 18pt; color: #000000; font-family: times new roman, times, serif;\">+ Gayrimenkul sat\u0131n alma ve yat\u0131r\u0131m yoluyla T\u00fcrk vatanda\u015fl\u0131\u011f\u0131<br \/><\/span><\/p><p><span style=\"font-size: 18pt; color: #000000; font-family: times new roman, times, serif;\">+ T\u00fcrkiye\u2019de \u015firket tescili * en k\u0131sa s\u00fcrede uygun fiyat *<\/span><\/p><p><span style=\"font-family: times new roman, times, serif;\"><span style=\"font-size: 18pt; color: #000000;\">+ \u015eirket ve \u015fah\u0131slar i\u00e7in ikamete ihtiya\u00e7 duymadan banka hesab\u0131 a\u00e7ma<\/span><\/span><\/p><p><span style=\"font-size: 18pt; color: #000000; font-family: times new roman, times, serif;\">+ \u0130stanbul\u2019da ev kiralamak<\/span><\/p><p><span style=\"font-size: 18pt; color: #000000; font-family: times new roman, times, serif;\">+ T\u00fcrk ehliyeti almak<\/span><\/p><\/div><\/div>\t\t\t\t\t\t<\/div>\n\t\t\t\t<\/div>\n\t\t\t\t<div class=\"elementor-element elementor-element-17d0f85 elementor-widget elementor-widget-image\" data-id=\"17d0f85\" data-element_type=\"widget\" data-widget_type=\"image.default\">\n\t\t\t\t<div class=\"elementor-widget-container\">\n\t\t\t\t\t\t\t\t\t\t\t\t\t<img fetchpriority=\"high\" decoding=\"async\" width=\"739\" height=\"415\" src=\"https:\/\/tamturkey.com\/wp-content\/uploads\/2024\/05\/Emaar-Square-Projesi-bay-tamturkeyrealestate.jpg\" class=\"attachment-large size-large wp-image-26743\" alt=\"Emaar Istanbul complex\" srcset=\"https:\/\/tamturkey.com\/wp-content\/uploads\/2024\/05\/Emaar-Square-Projesi-bay-tamturkeyrealestate.jpg 739w, https:\/\/tamturkey.com\/wp-content\/uploads\/2024\/05\/Emaar-Square-Projesi-bay-tamturkeyrealestate-300x168.jpg 300w, https:\/\/tamturkey.com\/wp-content\/uploads\/2024\/05\/Emaar-Square-Projesi-bay-tamturkeyrealestate-255x143.jpg 255w\" sizes=\"(max-width: 739px) 100vw, 739px\" \/>\t\t\t\t\t\t\t\t\t\t\t\t\t<\/div>\n\t\t\t\t<\/div>\n\t\t\t\t<\/div>\n\t\t\t\t<div class=\"elementor-element elementor-element-500d94e elementor-widget elementor-widget-spacer\" data-id=\"500d94e\" data-element_type=\"widget\" data-widget_type=\"spacer.default\">\n\t\t\t\t<div class=\"elementor-widget-container\">\n\t\t\t\t\t<div class=\"elementor-spacer\">\n\t\t\t<div class=\"elementor-spacer-inner\"><\/div>\n\t\t<\/div>\n\t\t\t\t<\/div>\n\t\t\t\t<\/div>\n\t\t\t\t<div class=\"elementor-element elementor-element-1b550e9e elementor-widget elementor-widget-text-editor\" data-id=\"1b550e9e\" data-element_type=\"widget\" data-widget_type=\"text-editor.default\">\n\t\t\t\t<div class=\"elementor-widget-container\">\n\t\t\t\t\t\t\t<div class=\"vc_row wpb_row vc_row-fluid\"><div class=\"wpb_column vc_column_container vc_col-sm-12\"><div class=\"vc_column-inner \"><div class=\"wpb_wrapper\"><div class=\"wpb_text_column wpb_content_element \" style=\"text-align: left;\"><div class=\"wpb_wrapper\"><p dir=\"ltr\" style=\"text-align: center;\"><span style=\"color: #ff0000; font-size: 18pt;\"><strong>WhatsApp arac\u0131l\u0131\u011f\u0131yla dan\u0131\u015fmanlarla ileti\u015fime ge\u00e7in<\/strong><\/span><\/p><p dir=\"ltr\">\u00a0<\/p><p dir=\"ltr\" style=\"text-align: center;\"><span style=\"font-size: 18pt;\"><a href=\"https:\/\/wa.me\/905522888939\" target=\"_blank\" rel=\"noopener\"><strong><span style=\"color: #008000;\">WhatsApp :<\/span> https:\/\/wa.me\/905522888939<\/strong><\/a><\/span><\/p><p dir=\"ltr\">\u00a0<\/p><p dir=\"ltr\" style=\"text-align: center;\"><a href=\"https:\/\/wa.me\/905522888939\" target=\"_blank\" rel=\"noopener\"><strong><span style=\"font-size: 18pt;\"><span style=\"color: #ff0000;\">WhatsApp :<\/span> https:\/\/wa.me\/905528588388<\/span><\/strong><\/a><\/p><p dir=\"ltr\">\u00a0<\/p><p style=\"text-align: center;\"><span style=\"font-size: 18pt; color: #0000ff;\"><strong><span style=\"color: #800080;\">Address:<\/span> Emaar Square Istanbul , No:82, E Block. No:1606, Floor 16 , \u00dcsk\u00fcdar\/\u0130stanbul<\/strong><\/span><\/p><p dir=\"ltr\" style=\"text-align: center;\"><strong>\u00a0<\/strong><\/p><\/div><\/div><\/div><\/div><\/div><\/div><div class=\"vc_row wpb_row vc_row-fluid\"><div class=\"wpb_column vc_column_container vc_col-sm-10\"><div class=\"vc_column-inner \"><div class=\"wpb_wrapper\"><div class=\"wpb_text_column wpb_content_element \"><div class=\"wpb_wrapper\"><div class=\"wpb_text_column wpb_content_element \"><div class=\"wpb_wrapper\"><p style=\"text-align: center;\"><span style=\"font-size: 18pt; color: #ff0000;\"><strong>L\u00fctfen formu doldurun ve mesaj\u0131n\u0131z\u0131 g\u00f6nderin<\/strong><\/span><\/p><p>\u00a0<\/p><p style=\"text-align: center;\"><span style=\"font-size: 18pt; color: #008000;\"><strong>Dan\u0131\u015fmanlar en k\u0131sa s\u00fcrede sizinle ileti\u015fime ge\u00e7ecektir<\/strong><\/span><\/p><\/div><\/div><\/div><\/div><\/div><\/div><\/div><\/div>\t\t\t\t\t\t<\/div>\n\t\t\t\t<\/div>\n\t\t\t\t<div class=\"elementor-element elementor-element-de6ec4e elementor-widget elementor-widget-spacer\" data-id=\"de6ec4e\" data-element_type=\"widget\" data-widget_type=\"spacer.default\">\n\t\t\t\t<div class=\"elementor-widget-container\">\n\t\t\t\t\t<div class=\"elementor-spacer\">\n\t\t\t<div class=\"elementor-spacer-inner\"><\/div>\n\t\t<\/div>\n\t\t\t\t<\/div>\n\t\t\t\t<\/div>\n\t\t<div class=\"elementor-element elementor-element-5faabe7 e-con-full e-flex e-con e-child\" data-id=\"5faabe7\" data-element_type=\"container\">\n\t\t\t\t<div class=\"elementor-element elementor-element-3bd8849 elementor-widget elementor-widget-google_maps\" data-id=\"3bd8849\" data-element_type=\"widget\" data-widget_type=\"google_maps.default\">\n\t\t\t\t<div class=\"elementor-widget-container\">\n\t\t\t\t\t<div class=\"elementor-custom-embed\">\n\t\t\t<iframe loading=\"lazy\"\n\t\t\t\t\tsrc=\"https:\/\/maps.google.com\/maps?q=Emaar%20istanbul&#038;t=m&#038;z=10&#038;output=embed&#038;iwloc=near\"\n\t\t\t\t\ttitle=\"Emaar istanbul\"\n\t\t\t\t\taria-label=\"Emaar istanbul\"\n\t\t\t><\/iframe>\n\t\t<\/div>\n\t\t\t\t<\/div>\n\t\t\t\t<\/div>\n\t\t\t\t<\/div>\n\t\t\t\t\t<\/div>\n\t\t\t\t<\/div>\n\t\t\t\t<\/div>\n\t\t","protected":false},"excerpt":{"rendered":"<p>Tamturkey Group ile ileti\u015fime ge\u00e7in Rehberlik i\u00e7in sizinle ileti\u015fime ge\u00e7ece\u011fiz Tamt\u00fcrkey Grup Hizmetleri + T\u00fcrkiye\u2019de emlak al\u0131m sat\u0131m\u0131 + T\u00fcrkiye\u2019deki prestijli projelerin temsilcisi + L\u00fcks dairelerin pe\u015fin ve taksitli sat\u0131\u015f\u0131 + Gayrimenkul sat\u0131n alma ve yat\u0131r\u0131m yoluyla T\u00fcrk vatanda\u015fl\u0131\u011f\u0131 + T\u00fcrkiye\u2019de \u015firket tescili * en k\u0131sa s\u00fcrede uygun fiyat * + \u015eirket ve \u015fah\u0131slar i\u00e7in [&hellip;]<\/p>\n","protected":false},"author":1,"featured_media":26711,"parent":0,"menu_order":0,"comment_status":"open","ping_status":"open","template":"elementor_header_footer","meta":{"_joinchat":[],"footnotes":""},"class_list":["post-27629","page","type-page","status-publish","has-post-thumbnail","hentry"],"_links":{"self":[{"href":"https:\/\/tamturkey.com\/tr\/wp-json\/wp\/v2\/pages\/27629","targetHints":{"allow":["GET"]}}],"collection":[{"href":"https:\/\/tamturkey.com\/tr\/wp-json\/wp\/v2\/pages"}],"about":[{"href":"https:\/\/tamturkey.com\/tr\/wp-json\/wp\/v2\/types\/page"}],"author":[{"embeddable":true,"href":"https:\/\/tamturkey.com\/tr\/wp-json\/wp\/v2\/users\/1"}],"replies":[{"embeddable":true,"href":"https:\/\/tamturkey.com\/tr\/wp-json\/wp\/v2\/comments?post=27629"}],"version-history":[{"count":25,"href":"https:\/\/tamturkey.com\/tr\/wp-json\/wp\/v2\/pages\/27629\/revisions"}],"predecessor-version":[{"id":29781,"href":"https:\/\/tamturkey.com\/tr\/wp-json\/wp\/v2\/pages\/27629\/revisions\/29781"}],"wp:featuredmedia":[{"embeddable":true,"href":"https:\/\/tamturkey.com\/tr\/wp-json\/wp\/v2\/media\/26711"}],"wp:attachment":[{"href":"https:\/\/tamturkey.com\/tr\/wp-json\/wp\/v2\/media?parent=27629"}],"curies":[{"name":"wp","href":"https:\/\/api.w.org\/{rel}","templated":true}]}}