{"id":27693,"date":"2024-07-13T13:11:16","date_gmt":"2024-07-13T12:11:16","guid":{"rendered":"https:\/\/tamturkey.com\/?page_id=27693"},"modified":"2024-07-14T20:59:30","modified_gmt":"2024-07-14T19:59:30","slug":"sold-properties-tr","status":"publish","type":"page","link":"https:\/\/tamturkey.com\/tr\/sold-properties-tr\/","title":{"rendered":"KUZEY KIBRIS&#8217;ta sat\u0131l\u0131k gayrimenkul"},"content":{"rendered":"\t\t<div data-elementor-type=\"wp-page\" data-elementor-id=\"27693\" class=\"elementor elementor-27693 elementor-22389\" data-elementor-post-type=\"page\">\n\t\t\t\t<div class=\"elementor-element elementor-element-a5ec66b e-flex e-con-boxed e-con e-parent\" data-id=\"a5ec66b\" data-element_type=\"container\" data-settings=\"{&quot;background_background&quot;:&quot;classic&quot;}\">\n\t\t\t\t\t<div class=\"e-con-inner\">\n\t\t<div class=\"elementor-element elementor-element-7baa20e e-con-full e-flex e-con e-child\" data-id=\"7baa20e\" data-element_type=\"container\">\n\t\t\t\t<div class=\"elementor-element elementor-element-4fd3a3d elementor-widget elementor-widget-heading\" data-id=\"4fd3a3d\" data-element_type=\"widget\" data-widget_type=\"heading.default\">\n\t\t\t\t<div class=\"elementor-widget-container\">\n\t\t\t<h2 class=\"elementor-heading-title elementor-size-default\">Kuzey K\u0131br\u0131'ta Sat\u0131l\u0131k Gayrimenkul<\/h2>\t\t<\/div>\n\t\t\t\t<\/div>\n\t\t\t\t<div class=\"elementor-element elementor-element-5b751cf elementor-widget elementor-widget-heading\" data-id=\"5b751cf\" data-element_type=\"widget\" data-widget_type=\"heading.default\">\n\t\t\t\t<div class=\"elementor-widget-container\">\n\t\t\t<h1 class=\"elementor-heading-title elementor-size-default\">B\u00fcy\u00fck yat\u0131r\u0131m f\u0131rsat\u0131, uzun vadeli taksitler<\/h1>\t\t<\/div>\n\t\t\t\t<\/div>\n\t\t\t\t<\/div>\n\t\t\t\t\t<\/div>\n\t\t\t\t<\/div>\n\t\t<div class=\"elementor-element elementor-element-4eebc4d e-flex e-con-boxed e-con e-parent\" data-id=\"4eebc4d\" data-element_type=\"container\" data-settings=\"{&quot;background_background&quot;:&quot;classic&quot;}\">\n\t\t\t\t\t<div class=\"e-con-inner\">\n\t\t<div class=\"elementor-element elementor-element-caac896 e-con-full e-flex e-con e-child\" data-id=\"caac896\" data-element_type=\"container\">\n\t\t\t\t<\/div>\n\t\t<div class=\"elementor-element elementor-element-441fe98 e-con-full e-flex e-con e-child\" data-id=\"441fe98\" data-element_type=\"container\">\n\t\t\t\t<\/div>\n\t\t\t\t\t<\/div>\n\t\t\t\t<\/div>\n\t\t<div class=\"elementor-element elementor-element-1b5c13f e-flex e-con-boxed e-con e-parent\" data-id=\"1b5c13f\" data-element_type=\"container\" data-settings=\"{&quot;background_background&quot;:&quot;classic&quot;}\">\n\t\t\t\t\t<div class=\"e-con-inner\">\n\t\t<div class=\"elementor-element elementor-element-1ad0c96 e-con-full e-flex e-con e-child\" data-id=\"1ad0c96\" data-element_type=\"container\">\n\t\t\t\t<\/div>\n\t\t<div class=\"elementor-element elementor-element-90075d2 e-con-full e-flex e-con e-child\" data-id=\"90075d2\" data-element_type=\"container\">\n\t\t\t\t<\/div>\n\t\t\t\t\t<\/div>\n\t\t\t\t<\/div>\n\t\t<div class=\"elementor-element elementor-element-4290121 e-flex e-con-boxed e-con e-parent\" data-id=\"4290121\" data-element_type=\"container\" data-settings=\"{&quot;background_background&quot;:&quot;classic&quot;}\">\n\t\t\t\t\t<div class=\"e-con-inner\">\n\t\t<div class=\"elementor-element elementor-element-5daa2c8 e-con-full e-flex e-con e-child\" data-id=\"5daa2c8\" data-element_type=\"container\">\n\t\t\t\t<\/div>\n\t\t<div class=\"elementor-element elementor-element-a03a397 e-con-full e-flex e-con e-child\" data-id=\"a03a397\" data-element_type=\"container\">\n\t\t\t\t<\/div>\n\t\t\t\t\t<\/div>\n\t\t\t\t<\/div>\n\t\t<div class=\"elementor-element elementor-element-eb0305d e-flex e-con-boxed e-con e-parent\" data-id=\"eb0305d\" data-element_type=\"container\" data-settings=\"{&quot;background_background&quot;:&quot;classic&quot;}\">\n\t\t\t\t\t<div class=\"e-con-inner\">\n\t\t<div class=\"elementor-element elementor-element-be8af91 e-con-full e-flex e-con e-child\" data-id=\"be8af91\" data-element_type=\"container\" data-settings=\"{&quot;background_background&quot;:&quot;classic&quot;}\">\n\t\t\t\t<div class=\"elementor-element elementor-element-a2ca05e elementor-widget-divider--view-line elementor-widget elementor-widget-divider\" data-id=\"a2ca05e\" data-element_type=\"widget\" data-widget_type=\"divider.default\">\n\t\t\t\t<div class=\"elementor-widget-container\">\n\t\t\t\t\t<div class=\"elementor-divider\">\n\t\t\t<span class=\"elementor-divider-separator\">\n\t\t\t\t\t\t<\/span>\n\t\t<\/div>\n\t\t\t\t<\/div>\n\t\t\t\t<\/div>\n\t\t\t\t<\/div>\n\t\t<div class=\"elementor-element elementor-element-eb9737e e-con-full e-flex e-con e-child\" data-id=\"eb9737e\" data-element_type=\"container\" data-settings=\"{&quot;background_background&quot;:&quot;classic&quot;}\">\n\t\t\t\t<div class=\"elementor-element elementor-element-bc9c43e elementor-invisible elementor-widget elementor-widget-heading\" data-id=\"bc9c43e\" data-element_type=\"widget\" data-settings=\"{&quot;_animation&quot;:&quot;fadeIn&quot;}\" data-widget_type=\"heading.default\">\n\t\t\t\t<div class=\"elementor-widget-container\">\n\t\t\t<h2 class=\"elementor-heading-title elementor-size-default\">sizi arayaca\u011f\u0131z<\/h2>\t\t<\/div>\n\t\t\t\t<\/div>\n\t\t\t\t<\/div>\n\t\t\t\t\t<\/div>\n\t\t\t\t<\/div>\n\t\t\t\t<\/div>\n\t\t","protected":false},"excerpt":{"rendered":"<p>Kuzey K\u0131br\u0131&#8217;ta Sat\u0131l\u0131k Gayrimenkul B\u00fcy\u00fck yat\u0131r\u0131m f\u0131rsat\u0131, uzun vadeli taksitler $ 775,000 List price Active Farhad Baniensan SE DRE# 160680 My Listings RAMS Beyond \u0130stanbul Projesi | RAMS B&#8230; 15 Rooms &#8211; 3 Baths &#8211; 190 Sq. ft Sold Farhad Baniensan SE DRE# 160680 My Listings Skyland Konut Kulesi | Skyland Reside&#8230; 5 Rooms &#8211; [&hellip;]<\/p>\n","protected":false},"author":1,"featured_media":0,"parent":0,"menu_order":0,"comment_status":"closed","ping_status":"closed","template":"elementor_header_footer","meta":{"_joinchat":[],"footnotes":""},"class_list":["post-27693","page","type-page","status-publish","hentry"],"_links":{"self":[{"href":"https:\/\/tamturkey.com\/tr\/wp-json\/wp\/v2\/pages\/27693","targetHints":{"allow":["GET"]}}],"collection":[{"href":"https:\/\/tamturkey.com\/tr\/wp-json\/wp\/v2\/pages"}],"about":[{"href":"https:\/\/tamturkey.com\/tr\/wp-json\/wp\/v2\/types\/page"}],"author":[{"embeddable":true,"href":"https:\/\/tamturkey.com\/tr\/wp-json\/wp\/v2\/users\/1"}],"replies":[{"embeddable":true,"href":"https:\/\/tamturkey.com\/tr\/wp-json\/wp\/v2\/comments?post=27693"}],"version-history":[{"count":12,"href":"https:\/\/tamturkey.com\/tr\/wp-json\/wp\/v2\/pages\/27693\/revisions"}],"predecessor-version":[{"id":28385,"href":"https:\/\/tamturkey.com\/tr\/wp-json\/wp\/v2\/pages\/27693\/revisions\/28385"}],"wp:attachment":[{"href":"https:\/\/tamturkey.com\/tr\/wp-json\/wp\/v2\/media?parent=27693"}],"curies":[{"name":"wp","href":"https:\/\/api.w.org\/{rel}","templated":true}]}}